{"id":510,"date":"2019-03-06T08:02:47","date_gmt":"2019-03-06T08:02:47","guid":{"rendered":"https:\/\/webgiadung.khothemewp.vn\/?page_id=510"},"modified":"2021-10-19T00:27:02","modified_gmt":"2021-10-19T00:27:02","slug":"lien-he","status":"publish","type":"page","link":"https:\/\/webgiadung.themedep.top\/?page_id=510","title":{"rendered":"Li\u00ean h\u1ec7"},"content":{"rendered":"<div class=\"row row-large\"  id=\"row-556560580\">\n<div class=\"col medium-6 small-12 large-6\"  ><div class=\"col-inner\"  >\n<h3>C\u00d4NG TY TNHH HATIX VI\u1ec6T NAM<\/h3>\n<p>V\u0103n ph\u00f2ng \u0111\u1ea1i di\u1ec7n: Phong 1201, to\u00e0 HH3A, 32 \u0110\u1ea1i T\u1eeb, \u0110\u1ea1i Kim, Ho\u00e0ng Mai , H\u00e0 N\u1ed9i<\/p>\n<p>\u0110i\u00ea\u0323n thoa\u0323i: 0981.276.525<\/p>\n<p>Hotline: 0964.095.788<\/p>\n<p>Email: hatixvietnam123@gmail.com<\/p>\n<p>Website: Hatix.vn<\/p>\n<\/div><\/div>\n<div class=\"col medium-6 small-12 large-6\"  ><div class=\"col-inner\"  >\n<h3>LI\u00caN H\u1ec6<\/h3>\n\n<div class=\"wpcf7 no-js\" id=\"wpcf7-f6-o1\" lang=\"vi\" dir=\"ltr\">\n<div class=\"screen-reader-response\"><p role=\"status\" aria-live=\"polite\" aria-atomic=\"true\"><\/p> <ul><\/ul><\/div>\n<form action=\"\/index.php?rest_route=%2Fwp%2Fv2%2Fpages%2F510#wpcf7-f6-o1\" method=\"post\" class=\"wpcf7-form init\" aria-label=\"Form li\u00ean h\u1ec7\" novalidate=\"novalidate\" data-status=\"init\">\n<div style=\"display: none;\">\n<input type=\"hidden\" name=\"_wpcf7\" value=\"6\" \/>\n<input type=\"hidden\" name=\"_wpcf7_version\" value=\"5.8.3\" \/>\n<input type=\"hidden\" name=\"_wpcf7_locale\" value=\"vi\" \/>\n<input type=\"hidden\" name=\"_wpcf7_unit_tag\" value=\"wpcf7-f6-o1\" \/>\n<input type=\"hidden\" name=\"_wpcf7_container_post\" value=\"0\" \/>\n<input type=\"hidden\" name=\"_wpcf7_posted_data_hash\" value=\"\" \/>\n<\/div>\n<p><label> H\u1ecd t\u00ean<br \/>\n<span class=\"wpcf7-form-control-wrap\" data-name=\"your-name\"><input size=\"40\" class=\"wpcf7-form-control wpcf7-text wpcf7-validates-as-required\" aria-required=\"true\" aria-invalid=\"false\" value=\"\" type=\"text\" name=\"your-name\" \/><\/span> <\/label>\n<\/p>\n<p><label> Email<br \/>\n<span class=\"wpcf7-form-control-wrap\" data-name=\"your-email\"><input size=\"40\" class=\"wpcf7-form-control wpcf7-email wpcf7-validates-as-required wpcf7-text wpcf7-validates-as-email\" aria-required=\"true\" aria-invalid=\"false\" value=\"\" type=\"email\" name=\"your-email\" \/><\/span> <\/label>\n<\/p>\n<p><label> N\u1ed9i dung<br \/>\n<span class=\"wpcf7-form-control-wrap\" data-name=\"your-message\"><textarea cols=\"40\" rows=\"10\" class=\"wpcf7-form-control wpcf7-textarea\" aria-invalid=\"false\" name=\"your-message\"><\/textarea><\/span> <\/label>\n<\/p>\n<p><input class=\"wpcf7-form-control wpcf7-submit has-spinner\" type=\"submit\" value=\"G\u1eedi\" \/>\n<\/p><div class=\"wpcf7-response-output\" aria-hidden=\"true\"><\/div>\n<\/form>\n<\/div>\n\n<\/div><\/div>\n\n<style scope=\"scope\">\n\n<\/style>\n<\/div>\n","protected":false},"excerpt":{"rendered":"","protected":false},"author":1,"featured_media":0,"parent":0,"menu_order":0,"comment_status":"closed","ping_status":"closed","template":"","meta":{"footnotes":""},"yoast_head":"<!-- This site is optimized with the Yoast SEO plugin v23.8 - https:\/\/yoast.com\/wordpress\/plugins\/seo\/ -->\n<title>hatixvn<\/title>\n<meta name=\"robots\" content=\"index, follow, max-snippet:-1, max-image-preview:large, max-video-preview:-1\" \/>\n<link rel=\"canonical\" href=\"http:\/\/webgiadung.themedep.top\/?page_id=510\" \/>\n<meta property=\"og:locale\" content=\"vi_VN\" \/>\n<meta property=\"og:type\" content=\"article\" \/>\n<meta property=\"og:title\" content=\"hatixvn\" \/>\n<meta property=\"og:url\" content=\"http:\/\/webgiadung.themedep.top\/?page_id=510\" \/>\n<meta property=\"og:site_name\" content=\"hatixvn\" \/>\n<meta property=\"article:modified_time\" content=\"2021-10-19T00:27:02+00:00\" \/>\n<meta name=\"twitter:card\" content=\"summary_large_image\" \/>\n<script type=\"application\/ld+json\" class=\"yoast-schema-graph\">{\"@context\":\"https:\/\/schema.org\",\"@graph\":[{\"@type\":\"WebPage\",\"@id\":\"http:\/\/webgiadung.themedep.top\/?page_id=510\",\"url\":\"http:\/\/webgiadung.themedep.top\/?page_id=510\",\"name\":\"hatixvn\",\"isPartOf\":{\"@id\":\"http:\/\/webgiadung.themedep.top\/#website\"},\"datePublished\":\"2019-03-06T08:02:47+00:00\",\"dateModified\":\"2021-10-19T00:27:02+00:00\",\"breadcrumb\":{\"@id\":\"http:\/\/webgiadung.themedep.top\/?page_id=510#breadcrumb\"},\"inLanguage\":\"vi\",\"potentialAction\":[{\"@type\":\"ReadAction\",\"target\":[\"http:\/\/webgiadung.themedep.top\/?page_id=510\"]}]},{\"@type\":\"BreadcrumbList\",\"@id\":\"http:\/\/webgiadung.themedep.top\/?page_id=510#breadcrumb\",\"itemListElement\":[{\"@type\":\"ListItem\",\"position\":1,\"name\":\"Trang ch\u1ee7\",\"item\":\"http:\/\/webgiadung.themedep.top\/\"},{\"@type\":\"ListItem\",\"position\":2,\"name\":\"Li\u00ean h\u1ec7\"}]},{\"@type\":\"WebSite\",\"@id\":\"http:\/\/webgiadung.themedep.top\/#website\",\"url\":\"http:\/\/webgiadung.themedep.top\/\",\"name\":\"hatixvn\",\"description\":\"\",\"potentialAction\":[{\"@type\":\"SearchAction\",\"target\":{\"@type\":\"EntryPoint\",\"urlTemplate\":\"http:\/\/webgiadung.themedep.top\/?s={search_term_string}\"},\"query-input\":{\"@type\":\"PropertyValueSpecification\",\"valueRequired\":true,\"valueName\":\"search_term_string\"}}],\"inLanguage\":\"vi\"}]}<\/script>\n<!-- \/ Yoast SEO plugin. -->","yoast_head_json":{"title":"hatixvn","robots":{"index":"index","follow":"follow","max-snippet":"max-snippet:-1","max-image-preview":"max-image-preview:large","max-video-preview":"max-video-preview:-1"},"canonical":"http:\/\/webgiadung.themedep.top\/?page_id=510","og_locale":"vi_VN","og_type":"article","og_title":"hatixvn","og_url":"http:\/\/webgiadung.themedep.top\/?page_id=510","og_site_name":"hatixvn","article_modified_time":"2021-10-19T00:27:02+00:00","twitter_card":"summary_large_image","schema":{"@context":"https:\/\/schema.org","@graph":[{"@type":"WebPage","@id":"http:\/\/webgiadung.themedep.top\/?page_id=510","url":"http:\/\/webgiadung.themedep.top\/?page_id=510","name":"hatixvn","isPartOf":{"@id":"http:\/\/webgiadung.themedep.top\/#website"},"datePublished":"2019-03-06T08:02:47+00:00","dateModified":"2021-10-19T00:27:02+00:00","breadcrumb":{"@id":"http:\/\/webgiadung.themedep.top\/?page_id=510#breadcrumb"},"inLanguage":"vi","potentialAction":[{"@type":"ReadAction","target":["http:\/\/webgiadung.themedep.top\/?page_id=510"]}]},{"@type":"BreadcrumbList","@id":"http:\/\/webgiadung.themedep.top\/?page_id=510#breadcrumb","itemListElement":[{"@type":"ListItem","position":1,"name":"Trang ch\u1ee7","item":"http:\/\/webgiadung.themedep.top\/"},{"@type":"ListItem","position":2,"name":"Li\u00ean h\u1ec7"}]},{"@type":"WebSite","@id":"http:\/\/webgiadung.themedep.top\/#website","url":"http:\/\/webgiadung.themedep.top\/","name":"hatixvn","description":"","potentialAction":[{"@type":"SearchAction","target":{"@type":"EntryPoint","urlTemplate":"http:\/\/webgiadung.themedep.top\/?s={search_term_string}"},"query-input":{"@type":"PropertyValueSpecification","valueRequired":true,"valueName":"search_term_string"}}],"inLanguage":"vi"}]}},"_links":{"self":[{"href":"https:\/\/webgiadung.themedep.top\/index.php?rest_route=\/wp\/v2\/pages\/510"}],"collection":[{"href":"https:\/\/webgiadung.themedep.top\/index.php?rest_route=\/wp\/v2\/pages"}],"about":[{"href":"https:\/\/webgiadung.themedep.top\/index.php?rest_route=\/wp\/v2\/types\/page"}],"author":[{"embeddable":true,"href":"https:\/\/webgiadung.themedep.top\/index.php?rest_route=\/wp\/v2\/users\/1"}],"replies":[{"embeddable":true,"href":"https:\/\/webgiadung.themedep.top\/index.php?rest_route=%2Fwp%2Fv2%2Fcomments&post=510"}],"version-history":[{"count":13,"href":"https:\/\/webgiadung.themedep.top\/index.php?rest_route=\/wp\/v2\/pages\/510\/revisions"}],"predecessor-version":[{"id":1174,"href":"https:\/\/webgiadung.themedep.top\/index.php?rest_route=\/wp\/v2\/pages\/510\/revisions\/1174"}],"wp:attachment":[{"href":"https:\/\/webgiadung.themedep.top\/index.php?rest_route=%2Fwp%2Fv2%2Fmedia&parent=510"}],"curies":[{"name":"wp","href":"https:\/\/api.w.org\/{rel}","templated":true}]}}